{"id":7173,"date":"2026-04-15T23:00:56","date_gmt":"2026-04-15T21:00:56","guid":{"rendered":"https:\/\/triggerroastery.com\/?page_id=7173"},"modified":"2026-05-13T17:36:14","modified_gmt":"2026-05-13T15:36:14","slug":"oswiadczenie-dostepnosci","status":"publish","type":"page","link":"https:\/\/triggerroastery.com\/pl\/accessibility-statement\/","title":{"rendered":"O\u015bwiadczenie o dost\u0119pno\u015bci"},"content":{"rendered":"","protected":false},"excerpt":{"rendered":"","protected":false},"author":1,"featured_media":0,"parent":0,"menu_order":1,"comment_status":"closed","ping_status":"closed","template":"","meta":[],"class_list":["post-7173","page","type-page","status-publish","hentry"],"grid":"{\r\n  \"colCount\": 12,\r\n  \"colGutter\": 1,\r\n  \"rowGutters\": [\r\n    2,\r\n    2,\r\n    2,\r\n    2,\r\n    2,\r\n    2,\r\n    2,\r\n    2,\r\n    2,\r\n    2,\r\n    2,\r\n    2,\r\n    2,\r\n    2\r\n  ],\r\n  \"frameMargin\": 5,\r\n  \"leftFrameMargin\": 1.5,\r\n  \"rightFrameMargin\": 1.5,\r\n  \"topFrameMargin\": 0,\r\n  \"mus\": {\r\n    \"colGutterMu\": \"%\",\r\n    \"rowGutterMu\": \"%\",\r\n    \"topFrameMu\": \"px\",\r\n    \"bottomFrameMu\": \"%\",\r\n    \"frameMu\": \"%\"\r\n  },\r\n  \"bottomFrameMargin\": 0,\r\n  \"rowAttrs\": [\r\n    {\r\n      \"relid\": 1\r\n    },\r\n    {\r\n      \"relid\": 3\r\n    },\r\n    {\r\n      \"relid\": 8\r\n    },\r\n    {\r\n      \"relid\": 7\r\n    },\r\n    {\r\n      \"relid\": 13\r\n    },\r\n    {\r\n      \"relid\": 12\r\n    },\r\n    {\r\n      \"relid\": 5\r\n    },\r\n    {\r\n      \"relid\": 17\r\n    },\r\n    {\r\n      \"relid\": 16\r\n    },\r\n    {\r\n      \"relid\": 20\r\n    },\r\n    {\r\n      \"relid\": 21\r\n    },\r\n    {\r\n      \"relid\": 24\r\n    },\r\n    {\r\n      \"relid\": 25\r\n    },\r\n    {\r\n      \"relid\": 28\r\n    },\r\n    {\r\n      \"relid\": 29\r\n    }\r\n  ],\r\n  \"bgColor\": null,\r\n  \"bgImage\": null,\r\n  \"cont\": [\r\n    {\r\n      \"type\": \"text\",\r\n      \"cont\": \"<h1 class=\\\"_H1_Heading\\\">Accessibility Statement<\/h1><p>for <a style=\\\"text-decoration: underline;\\\" href=\\\"https:\/\/www.triggerroastery.com\\\">www.triggerroastery.com<\/a><\/p>\",\r\n      \"align\": \"middle\",\r\n      \"row\": 0,\r\n      \"col\": 0,\r\n      \"colspan\": 12,\r\n      \"offsetx\": 0,\r\n      \"offsety\": 0,\r\n      \"spaceabove\": 0,\r\n      \"spacebelow\": 0,\r\n      \"yvel\": 1,\r\n      \"push\": 0,\r\n      \"relid\": 2,\r\n      \"absolute_position\": false,\r\n      \"frameOverflow\": \"\"\r\n    },\r\n    {\r\n      \"type\": \"hr\",\r\n      \"cont\": \"\",\r\n      \"align\": \"middle\",\r\n      \"row\": 1,\r\n      \"col\": 0,\r\n      \"colspan\": 12,\r\n      \"offsetx\": 0,\r\n      \"offsety\": 0,\r\n      \"spaceabove\": 0,\r\n      \"spacebelow\": 0,\r\n      \"yvel\": 1,\r\n      \"push\": 0,\r\n      \"relid\": 4,\r\n      \"absolute_position\": false,\r\n      \"frameOverflow\": \"\"\r\n    },\r\n    {\r\n      \"type\": \"text\",\r\n      \"cont\": \"<h2 id=\\\"intro-heading\\\" class=\\\"_H2_Heading\\\">\u00ad\u00ad\u00ad\u00ad\u00ad\u00ad\u00adAbout This Statement<\/h2><p>Trigger Sp. z o.o. is committed to ensuring digital accessibility for people with disabilities. We continually improve the user experience for everyone and apply relevant accessibility standards.<\/p><dl><dt>Company name: <strong><span style=\\\"letter-spacing: -0.05em;\\\">Trigger Sp. z o.o.<\/span><\/strong><\/dt><dt>VAT ID: <strong>PL5213996865<\/strong><\/dt><dt>Website name: <strong>Trigger Roastery \u2013 Official Website<\/strong><\/dt><dt>Website URL: <strong><a style=\\\"text-decoration: underline;\\\" href=\\\"https:\/\/www.triggerroastery.com\\\">https:\/\/www.triggerroastery.com<\/a><\/strong><\/dt><dt>Date of publication: <strong>1 April 2024<\/strong><\/dt><dt>Date of last review: <strong>10 April 2026<\/strong><\/dt><dt>Statement prepared by: <strong>Self-assessment conducted by the organisation<\/strong><\/dt><\/dl>\",\r\n      \"align\": \"top\",\r\n      \"row\": 2,\r\n      \"col\": 0,\r\n      \"colspan\": 12,\r\n      \"offsetx\": 0,\r\n      \"offsety\": 0,\r\n      \"spaceabove\": 0,\r\n      \"spacebelow\": 0,\r\n      \"yvel\": 1,\r\n      \"push\": 0,\r\n      \"relid\": 9,\r\n      \"absolute_position\": false\r\n    },\r\n    {\r\n      \"type\": \"hr\",\r\n      \"cont\": \"\",\r\n      \"align\": \"middle\",\r\n      \"row\": 3,\r\n      \"col\": 0,\r\n      \"colspan\": 12,\r\n      \"offsetx\": 0,\r\n      \"offsety\": 0,\r\n      \"spaceabove\": 0,\r\n      \"spacebelow\": 0,\r\n      \"yvel\": 1,\r\n      \"push\": 0,\r\n      \"relid\": 10,\r\n      \"absolute_position\": false,\r\n      \"frameOverflow\": \"\"\r\n    },\r\n    {\r\n      \"type\": \"text\",\r\n      \"cont\": \"<dl><dt><span style=\\\"font-family: SuisseIntl-Regular; font-size: 28px; letter-spacing: 0em; text-indent: 0em;\\\">Compliance Status<\/span><\/dt><\/dl><p>This website is <strong>partially conformant<\/strong> with the <a style=\\\"text-decoration: underline;\\\" rel=\\\"noopener noreferrer\\\" href=\\\"https:\/\/www.w3.org\/TR\/WCAG21\/\\\"> Web Content Accessibility Guidelines (WCAG) 2.1<\/a> at Level AA. \\\"Partially conformant\\\" means that some parts of the content do not fully conform to the accessibility standard.<\/p><p>The following conformance levels are possible:<\/p><ul><li><strong>Fully conformant<\/strong> \u2013 the content fully conforms to WCAG 2.1 Level AA with no exceptions.<\/li><li><strong>Partially conformant<\/strong> \u2013 some content does not fully conform to WCAG 2.1 Level AA.<\/li><li><strong>Non conformant<\/strong> \u2013 the content does not conform to WCAG 2.1 Level AA.<\/li><\/ul>\",\r\n      \"align\": \"middle\",\r\n      \"row\": 4,\r\n      \"col\": 0,\r\n      \"colspan\": 12,\r\n      \"offsetx\": 0,\r\n      \"offsety\": 0,\r\n      \"spaceabove\": 0,\r\n      \"spacebelow\": 0,\r\n      \"yvel\": 1,\r\n      \"push\": 0,\r\n      \"relid\": 14,\r\n      \"absolute_position\": false,\r\n      \"frameOverflow\": \"\"\r\n    },\r\n    {\r\n      \"type\": \"hr\",\r\n      \"cont\": \"\",\r\n      \"align\": \"middle\",\r\n      \"row\": 5,\r\n      \"col\": 0,\r\n      \"colspan\": 12,\r\n      \"offsetx\": 0,\r\n      \"offsety\": 0,\r\n      \"spaceabove\": 0,\r\n      \"spacebelow\": 0,\r\n      \"yvel\": 1,\r\n      \"push\": 0,\r\n      \"relid\": 15,\r\n      \"absolute_position\": false,\r\n      \"frameOverflow\": \"\"\r\n    },\r\n    {\r\n      \"type\": \"text\",\r\n      \"cont\": \"<dl><\/dl><p><span style=\\\"font-family: SuisseIntl-Regular; font-size: 28px; letter-spacing: 0em; text-indent: 0em;\\\">Non-Accessible Content<\/span><\/p><p>The content listed below is not yet fully accessible for the following reasons:<\/p><h3 class=\\\"_H3_Heading\\\"><br \/>Non-compliance with WCAG 2.1<\/h3><ul><li><strong>PDF documents<\/strong> \u2013 Some older PDF files do not have proper document structure or text alternatives. This fails WCAG 2.1 criterion 1.1.1 (Non-text Content) and 1.3.1 (Info and Relationships). <br \/><em>Alternative:<\/em> Please contact us to request an accessible version of any document.<\/li><li><strong>Video content<\/strong> \u2013 Some videos published before January 2023 do not have captions or audio descriptions. This fails WCAG 2.1 criteria 1.2.2 (Captions) and 1.2.5 (Audio Description). <br \/><em>Alternative:<\/em> Transcripts are available on request.<\/li><li><strong>Some images<\/strong> \u2013 A number of images used in older news articles lack descriptive alternative text. This fails WCAG 2.1 criterion 1.1.1 (Non-text Content).<\/li><\/ul><h3 class=\\\"_H3_Heading\\\"><br \/>Disproportionate Burden<\/h3><p>We have determined that fixing certain third-party embedded maps and interactive tools would impose a disproportionate burden as defined in the applicable accessibility regulations. We are working with our suppliers to address these issues in future updates.<\/p><h3 class=\\\"_H3_Heading\\\"><br \/>Content Not Within Scope<\/h3><p>The following content is exempt from the regulations and is therefore not covered by this statement:<\/p><ul><li>Third-party content that is neither funded nor developed by us, and is not under our control.<\/li><li>Archived content published before 23 September 2019 that has not been updated since then.<\/li><\/ul>\",\r\n      \"align\": \"top\",\r\n      \"row\": 6,\r\n      \"col\": 0,\r\n      \"colspan\": 12,\r\n      \"offsetx\": 0,\r\n      \"offsety\": 0,\r\n      \"spaceabove\": 0,\r\n      \"spacebelow\": 0,\r\n      \"yvel\": 1,\r\n      \"push\": 0,\r\n      \"relid\": 6,\r\n      \"absolute_position\": false\r\n    },\r\n    {\r\n      \"type\": \"hr\",\r\n      \"cont\": \"\",\r\n      \"align\": \"middle\",\r\n      \"row\": 7,\r\n      \"col\": 0,\r\n      \"colspan\": 12,\r\n      \"offsetx\": 0,\r\n      \"offsety\": 0,\r\n      \"spaceabove\": 0,\r\n      \"spacebelow\": 0,\r\n      \"yvel\": 1,\r\n      \"push\": 0,\r\n      \"relid\": 18,\r\n      \"absolute_position\": false\r\n    },\r\n    {\r\n      \"type\": \"text\",\r\n      \"cont\": \"<h2 id=\\\"feedback-heading\\\" class=\\\"_H2_Heading\\\">Feedback and Contact Information<\/h2><p>We welcome feedback on the accessibility of this website. If you experience any barriers or have difficulty accessing any content, please let us know:<\/p><address><dl><dt>Shop enquiries \u2013 Email<\/dt><dd><a style=\\\"text-decoration: underline;\\\" href=\\\"mailto:shop@triggerroastery.com\\\">shop@triggerroastery.com<\/a><\/dd><dt>Shop enquiries \u2013 Phone<\/dt><dd><a style=\\\"text-decoration: underline;\\\" href=\\\"tel:+48782930843\\\">+48 782 930 843<\/a><\/dd><dt>Office hours<\/dt><dd>Monday\u2013Friday, 8:00 a.m. \u2013 4:00 p.m. (CET)<\/dd><dt>Postal address<\/dt><dd>Trigger Sp. z o.o.<br \/>ul. Krakowiak\u00f3w 53\/9<br \/>02-255 Warsaw<br \/>Poland<\/dd><\/dl><\/address><p>We aim to respond to accessibility feedback within <strong>5 working days<\/strong>.<\/p>\",\r\n      \"align\": \"middle\",\r\n      \"row\": 8,\r\n      \"col\": 0,\r\n      \"colspan\": 12,\r\n      \"offsetx\": 0,\r\n      \"offsety\": 0,\r\n      \"spaceabove\": 0,\r\n      \"spacebelow\": 0,\r\n      \"yvel\": 1,\r\n      \"push\": 0,\r\n      \"relid\": 19,\r\n      \"absolute_position\": false,\r\n      \"frameOverflow\": \"\"\r\n    },\r\n    {\r\n      \"type\": \"hr\",\r\n      \"cont\": \"\",\r\n      \"align\": \"middle\",\r\n      \"row\": 9,\r\n      \"col\": 0,\r\n      \"colspan\": 12,\r\n      \"offsetx\": 0,\r\n      \"offsety\": 0,\r\n      \"spaceabove\": 0,\r\n      \"spacebelow\": 0,\r\n      \"yvel\": 1,\r\n      \"push\": 0,\r\n      \"relid\": 22,\r\n      \"absolute_position\": false,\r\n      \"frameOverflow\": \"\"\r\n    },\r\n    {\r\n      \"type\": \"text\",\r\n      \"cont\": \"<h2 id=\\\"enforcement-heading\\\" class=\\\"_H2_Heading\\\">Enforcement Procedure<\/h2><p>If you are not satisfied with our response to your accessibility complaint, you have the right to escalate the matter to the relevant enforcement body:<\/p><ul><li>In <strong>Poland<\/strong>: contact the <a style=\\\"text-decoration: underline;\\\" rel=\\\"noopener noreferrer\\\" href=\\\"https:\/\/www.gov.pl\/web\/dostepnosc-cyfrowa\\\"> Ministry of Digital Affairs \u2013 Digital Accessibility Unit (Ministerstwo Cyfryzacji)<\/a>, which supervises compliance with the Act of 4 April 2019 on Digital Accessibility of Websites and Mobile Applications of Public Entities.<\/li><li>In the <strong>European Union<\/strong>: contact the national enforcement body designated under Directive (EU) 2019\/882 in your country.<\/li><\/ul>\",\r\n      \"align\": \"middle\",\r\n      \"row\": 10,\r\n      \"col\": 0,\r\n      \"colspan\": 12,\r\n      \"offsetx\": 0,\r\n      \"offsety\": 0,\r\n      \"spaceabove\": 0,\r\n      \"spacebelow\": 0,\r\n      \"yvel\": 1,\r\n      \"push\": 0,\r\n      \"relid\": 23,\r\n      \"absolute_position\": false,\r\n      \"frameOverflow\": \"\"\r\n    },\r\n    {\r\n      \"type\": \"hr\",\r\n      \"cont\": \"\",\r\n      \"align\": \"middle\",\r\n      \"row\": 11,\r\n      \"col\": 0,\r\n      \"colspan\": 12,\r\n      \"offsetx\": 0,\r\n      \"offsety\": 0,\r\n      \"spaceabove\": 0,\r\n      \"spacebelow\": 0,\r\n      \"yvel\": 1,\r\n      \"push\": 0,\r\n      \"relid\": 26,\r\n      \"absolute_position\": false,\r\n      \"frameOverflow\": \"\"\r\n    },\r\n    {\r\n      \"type\": \"text\",\r\n      \"cont\": \"<h2 id=\\\"technical-heading\\\" class=\\\"_H2_Heading\\\">Technical Information<\/h2><p>Trigger Sp. z o.o. is committed to making its website accessible in accordance with the Act of 4 April 2019 on Digital Accessibility of Websites and Mobile Applications of Public Entities (Poland) and Directive (EU) 2019\/882.<\/p><h3 class=\\\"_H3_Heading\\\"><br \/>Technologies Used<\/h3><p>This website relies on the following technologies for conformance:<\/p><ul><li>HTML5<\/li><li>CSS<\/li><li>JavaScript<\/li><li>WAI-ARIA<\/li><\/ul><h3 class=\\\"_H3_Heading\\\"><br \/>Assessment Approach<\/h3><p>Trigger Sp. z o.o. assessed the accessibility of this website by the following methods:<\/p><ul><li>Self-evaluation using automated tools (axe, WAVE)<\/li><li>Manual keyboard navigation testing<\/li><li>Testing with screen readers (NVDA, VoiceOver)<\/li><\/ul>\",\r\n      \"align\": \"middle\",\r\n      \"row\": 12,\r\n      \"col\": 0,\r\n      \"colspan\": 12,\r\n      \"offsetx\": 0,\r\n      \"offsety\": 0,\r\n      \"spaceabove\": 0,\r\n      \"spacebelow\": 0,\r\n      \"yvel\": 1,\r\n      \"push\": 0,\r\n      \"relid\": 27,\r\n      \"absolute_position\": false,\r\n      \"frameOverflow\": \"\"\r\n    },\r\n    {\r\n      \"type\": \"hr\",\r\n      \"cont\": \"\",\r\n      \"align\": \"middle\",\r\n      \"row\": 13,\r\n      \"col\": 0,\r\n      \"colspan\": 12,\r\n      \"offsetx\": 0,\r\n      \"offsety\": 0,\r\n      \"spaceabove\": 0,\r\n      \"spacebelow\": 0,\r\n      \"yvel\": 1,\r\n      \"push\": 0,\r\n      \"relid\": 30,\r\n      \"absolute_position\": false,\r\n      \"frameOverflow\": \"\"\r\n    },\r\n    {\r\n      \"type\": \"text\",\r\n      \"cont\": \"<h2 id=\\\"physical-heading\\\" class=\\\"_H2_Heading\\\">Physical Accessibility<\/h2><p>Our office is located at ul. Krakowiak\u00f3w 53\/9, 02-255 Warsaw, Poland. Office hours are Monday\u2013Friday, 8:00 a.m. \u2013 4:00 p.m.<\/p><p>If you require an in-person visit and have specific accessibility needs, please contact us in advance at <a style=\\\"text-decoration: underline;\\\" href=\\\"tel:+48782930843\\\">+48 782 930 843<\/a> or <a style=\\\"text-decoration: underline;\\\" href=\\\"mailto:shop@triggerroastery.com\\\">shop@triggerroastery.com<\/a> so we can make the necessary arrangements.<\/p><p>\u00a0<\/p><p><strong>This accessibility statement was last reviewed on 15 April 2025.<\/strong><\/p><ul><li><a style=\\\"text-decoration: underline;\\\" href=\\\"\/privacy-policy\\\">Privacy Policy<\/a><\/li><li><a style=\\\"text-decoration: underline;\\\" href=\\\"https:\/\/\/sitemap.xml\\\">Sitemap<\/a><\/li><li><a style=\\\"text-decoration: underline;\\\" href=\\\"\/\\\">Return to Homepage<\/a><\/li><\/ul>\",\r\n      \"align\": \"middle\",\r\n      \"row\": 14,\r\n      \"col\": 0,\r\n      \"colspan\": 12,\r\n      \"offsetx\": 0,\r\n      \"offsety\": 0,\r\n      \"spaceabove\": 0,\r\n      \"spacebelow\": 0,\r\n      \"yvel\": 1,\r\n      \"push\": 0,\r\n      \"relid\": 31,\r\n      \"absolute_position\": false,\r\n      \"frameOverflow\": \"\"\r\n    }\r\n  ]\r\n}","phonegrid":"","_links":{"self":[{"href":"https:\/\/triggerroastery.com\/pl\/wp-json\/wp\/v2\/pages\/7173","targetHints":{"allow":["GET"]}}],"collection":[{"href":"https:\/\/triggerroastery.com\/pl\/wp-json\/wp\/v2\/pages"}],"about":[{"href":"https:\/\/triggerroastery.com\/pl\/wp-json\/wp\/v2\/types\/page"}],"author":[{"embeddable":true,"href":"https:\/\/triggerroastery.com\/pl\/wp-json\/wp\/v2\/users\/1"}],"replies":[{"embeddable":true,"href":"https:\/\/triggerroastery.com\/pl\/wp-json\/wp\/v2\/comments?post=7173"}],"version-history":[{"count":0,"href":"https:\/\/triggerroastery.com\/pl\/wp-json\/wp\/v2\/pages\/7173\/revisions"}],"wp:attachment":[{"href":"https:\/\/triggerroastery.com\/pl\/wp-json\/wp\/v2\/media?parent=7173"}],"curies":[{"name":"wp","href":"https:\/\/api.w.org\/{rel}","templated":true}]}}